{"id":1507,"date":"2018-10-06T09:44:18","date_gmt":"2018-10-06T07:44:18","guid":{"rendered":"https:\/\/new.holidaysimmobiliare.com\/?page_id=1507"},"modified":"2018-11-27T17:18:48","modified_gmt":"2018-11-27T16:18:48","slug":"kleine-renovierungen","status":"publish","type":"page","link":"https:\/\/www.holidaysimmobiliare.com\/de\/dienstleistungen\/kleine-renovierungen\/","title":{"rendered":"Kleine Renovierungen"},"content":{"rendered":"<p style=\"text-align: center;\">Die Agentur Holidays besch\u00e4ftigt sich mit kleinen Renovierung von Wohnungen, insbesondere von Badezimmern, Fu\u00dfb\u00f6den und M\u00f6beln, in zusammenarbeit mit den wichtigsten Restaurierungsunternehmen, Ingenieurstudien, Vermessungsingenieure und Architekten der Gegend, um ein zufriedenstellendes Ergebnis f\u00fcr ihre Kunden zu erzielen.<\/p>\n","protected":false},"excerpt":{"rendered":"<p>Die Agentur Holidays besch\u00e4ftigt sich mit kleinen Renovierung von Wohnungen, insbesondere von Badezimmern, Fu\u00dfb\u00f6den und M\u00f6beln, in zusammenarbeit mit den wichtigsten Restaurierungsunternehmen, Ingenieurstudien, Vermessungsingenieure und Architekten der Gegend, um ein zufriedenstellendes Ergebnis f\u00fcr ihre Kunden zu erzielen.<\/p>\n","protected":false},"author":5,"featured_media":1214,"parent":1218,"menu_order":0,"comment_status":"closed","ping_status":"closed","template":"","meta":{"inline_featured_image":false,"_genesis_hide_title":false,"_genesis_hide_breadcrumbs":false,"_genesis_hide_singular_image":false,"_genesis_hide_footer_widgets":false,"_genesis_custom_body_class":"","_genesis_custom_post_class":"","_genesis_layout":"","footnotes":""},"class_list":{"0":"post-1507","1":"page","2":"type-page","3":"status-publish","4":"has-post-thumbnail","6":"entry"},"_links":{"self":[{"href":"https:\/\/www.holidaysimmobiliare.com\/de\/wp-json\/wp\/v2\/pages\/1507","targetHints":{"allow":["GET"]}}],"collection":[{"href":"https:\/\/www.holidaysimmobiliare.com\/de\/wp-json\/wp\/v2\/pages"}],"about":[{"href":"https:\/\/www.holidaysimmobiliare.com\/de\/wp-json\/wp\/v2\/types\/page"}],"author":[{"embeddable":true,"href":"https:\/\/www.holidaysimmobiliare.com\/de\/wp-json\/wp\/v2\/users\/5"}],"replies":[{"embeddable":true,"href":"https:\/\/www.holidaysimmobiliare.com\/de\/wp-json\/wp\/v2\/comments?post=1507"}],"version-history":[{"count":3,"href":"https:\/\/www.holidaysimmobiliare.com\/de\/wp-json\/wp\/v2\/pages\/1507\/revisions"}],"predecessor-version":[{"id":2005,"href":"https:\/\/www.holidaysimmobiliare.com\/de\/wp-json\/wp\/v2\/pages\/1507\/revisions\/2005"}],"up":[{"embeddable":true,"href":"https:\/\/www.holidaysimmobiliare.com\/de\/wp-json\/wp\/v2\/pages\/1218"}],"wp:featuredmedia":[{"embeddable":true,"href":"https:\/\/www.holidaysimmobiliare.com\/de\/wp-json\/wp\/v2\/media\/1214"}],"wp:attachment":[{"href":"https:\/\/www.holidaysimmobiliare.com\/de\/wp-json\/wp\/v2\/media?parent=1507"}],"curies":[{"name":"wp","href":"https:\/\/api.w.org\/{rel}","templated":true}]}}