{"id":1479,"date":"2018-10-02T09:39:49","date_gmt":"2018-10-02T07:39:49","guid":{"rendered":"https:\/\/new.holidaysimmobiliare.com\/?page_id=1479"},"modified":"2018-11-27T17:18:14","modified_gmt":"2018-11-27T16:18:14","slug":"vermietung","status":"publish","type":"page","link":"https:\/\/www.holidaysimmobiliare.com\/de\/dienstleistungen\/vermietung\/","title":{"rendered":"Vermietung"},"content":{"rendered":"<p style=\"text-align: center;\">Die Immobilienagentur besch\u00e4ftigt sich mit kurzen oder langfristigen Mietvertr\u00e4gen und die Suche nach einem potenziellen Mieter, der f\u00fcr Ihre Immobilie angegeben ist. Die Agentur legt den Mietvertrag fest und f\u00fchrt die Registrierung derselben bei den B\u00fcros der \u00f6ffentliche Verwaltung.<\/p>\n","protected":false},"excerpt":{"rendered":"<p>Die Immobilienagentur besch\u00e4ftigt sich mit kurzen oder langfristigen Mietvertr\u00e4gen und die Suche nach einem potenziellen Mieter, der f\u00fcr Ihre Immobilie angegeben ist. Die Agentur legt den Mietvertrag fest und f\u00fchrt die Registrierung derselben bei den B\u00fcros der \u00f6ffentliche Verwaltung.<\/p>\n","protected":false},"author":5,"featured_media":1209,"parent":1218,"menu_order":0,"comment_status":"closed","ping_status":"closed","template":"","meta":{"inline_featured_image":false,"_genesis_hide_title":false,"_genesis_hide_breadcrumbs":false,"_genesis_hide_singular_image":false,"_genesis_hide_footer_widgets":false,"_genesis_custom_body_class":"","_genesis_custom_post_class":"","_genesis_layout":"","footnotes":""},"class_list":{"0":"post-1479","1":"page","2":"type-page","3":"status-publish","4":"has-post-thumbnail","6":"entry"},"_links":{"self":[{"href":"https:\/\/www.holidaysimmobiliare.com\/de\/wp-json\/wp\/v2\/pages\/1479","targetHints":{"allow":["GET"]}}],"collection":[{"href":"https:\/\/www.holidaysimmobiliare.com\/de\/wp-json\/wp\/v2\/pages"}],"about":[{"href":"https:\/\/www.holidaysimmobiliare.com\/de\/wp-json\/wp\/v2\/types\/page"}],"author":[{"embeddable":true,"href":"https:\/\/www.holidaysimmobiliare.com\/de\/wp-json\/wp\/v2\/users\/5"}],"replies":[{"embeddable":true,"href":"https:\/\/www.holidaysimmobiliare.com\/de\/wp-json\/wp\/v2\/comments?post=1479"}],"version-history":[{"count":2,"href":"https:\/\/www.holidaysimmobiliare.com\/de\/wp-json\/wp\/v2\/pages\/1479\/revisions"}],"predecessor-version":[{"id":2000,"href":"https:\/\/www.holidaysimmobiliare.com\/de\/wp-json\/wp\/v2\/pages\/1479\/revisions\/2000"}],"up":[{"embeddable":true,"href":"https:\/\/www.holidaysimmobiliare.com\/de\/wp-json\/wp\/v2\/pages\/1218"}],"wp:featuredmedia":[{"embeddable":true,"href":"https:\/\/www.holidaysimmobiliare.com\/de\/wp-json\/wp\/v2\/media\/1209"}],"wp:attachment":[{"href":"https:\/\/www.holidaysimmobiliare.com\/de\/wp-json\/wp\/v2\/media?parent=1479"}],"curies":[{"name":"wp","href":"https:\/\/api.w.org\/{rel}","templated":true}]}}