{"id":1474,"date":"2018-10-03T09:38:31","date_gmt":"2018-10-03T07:38:31","guid":{"rendered":"https:\/\/new.holidaysimmobiliare.com\/?page_id=1474"},"modified":"2018-11-27T17:17:45","modified_gmt":"2018-11-27T16:17:45","slug":"immobilienberatung","status":"publish","type":"page","link":"https:\/\/www.holidaysimmobiliare.com\/de\/dienstleistungen\/immobilienberatung\/","title":{"rendered":"Immobilienberatung"},"content":{"rendered":"<p>Die Agentur f\u00fcr Ferien bietet allen Kunden eine 360 \u200b\u200b\u00b0 -Beratung zu folgenden Themen an:<\/p>\n<ul>\n<li>Vermietung von Kurz- und Mittelfristwohnungen f\u00fcr Touristen einschlie\u00dflich Gesamtverwaltung der Buchungen und Kundenbetreuung w\u00e4hrend des Aufenthalts;<\/li>\n<li>Eigentumswohnungen;<\/li>\n<li>Reinigungen und Wartungen;<\/li>\n<li>Kleine Renovierungen;<\/li>\n<li>und noch viel mehr &#8230;<\/li>\n<\/ul>\n<p>Das Immobilienb\u00fcro Holidays durch den Immobilienmakler Nicola Bonfante bietet spezifische Ratschl\u00e4ge f\u00fcr:<\/p>\n<ul>\n<li>Immobilien- und Grundst\u00fcckskauf<\/li>\n<li>Wohnungsmietvertr\u00e4ge;<\/li>\n<li>Sch\u00e4tzungen;<\/li>\n<li>Zinsg\u00fcnstige Kredite;<\/li>\n<li>Energiezertifikate (A.P.E.) zu sehr g\u00fcnstigen Preisen;<\/li>\n<li>Kontrolle und \u00dcberarbeitung aller Katasterdokumentationen des Geb\u00e4udes;<\/li>\n<li>Rechtliche, technische und steuerliche Beratung beim Kauf oder Verkauf der Immobilie;<\/li>\n<li>F\u00f6rderung der Immobilie auf dem italienischen und deutschen Markt durch die wichtigsten Webportale mit hoher Sichtbarkeit;<\/li>\n<li>Dolmetsch- und \u00dcbersetzungsdienst;<\/li>\n<li>Unterst\u00fctzung vor, w\u00e4hrend und nach dem Kauf der Immobilie;<\/li>\n<li>und noch viel mehr &#8230;<\/li>\n<\/ul>\n","protected":false},"excerpt":{"rendered":"<p>Die Agentur f\u00fcr Ferien bietet allen Kunden eine 360 \u200b\u200b\u00b0 -Beratung zu folgenden Themen an: Vermietung von Kurz- und Mittelfristwohnungen f\u00fcr Touristen einschlie\u00dflich Gesamtverwaltung der Buchungen und Kundenbetreuung w\u00e4hrend des Aufenthalts; Eigentumswohnungen; Reinigungen und Wartungen; Kleine Renovierungen; und noch viel mehr &#8230; Das Immobilienb\u00fcro Holidays durch den Immobilienmakler Nicola Bonfante bietet spezifische Ratschl\u00e4ge f\u00fcr: Immobilien- [&hellip;]<\/p>\n","protected":false},"author":5,"featured_media":1204,"parent":1218,"menu_order":0,"comment_status":"closed","ping_status":"closed","template":"","meta":{"inline_featured_image":false,"_genesis_hide_title":false,"_genesis_hide_breadcrumbs":false,"_genesis_hide_singular_image":false,"_genesis_hide_footer_widgets":false,"_genesis_custom_body_class":"","_genesis_custom_post_class":"","_genesis_layout":"","footnotes":""},"class_list":{"0":"post-1474","1":"page","2":"type-page","3":"status-publish","4":"has-post-thumbnail","6":"entry"},"_links":{"self":[{"href":"https:\/\/www.holidaysimmobiliare.com\/de\/wp-json\/wp\/v2\/pages\/1474","targetHints":{"allow":["GET"]}}],"collection":[{"href":"https:\/\/www.holidaysimmobiliare.com\/de\/wp-json\/wp\/v2\/pages"}],"about":[{"href":"https:\/\/www.holidaysimmobiliare.com\/de\/wp-json\/wp\/v2\/types\/page"}],"author":[{"embeddable":true,"href":"https:\/\/www.holidaysimmobiliare.com\/de\/wp-json\/wp\/v2\/users\/5"}],"replies":[{"embeddable":true,"href":"https:\/\/www.holidaysimmobiliare.com\/de\/wp-json\/wp\/v2\/comments?post=1474"}],"version-history":[{"count":3,"href":"https:\/\/www.holidaysimmobiliare.com\/de\/wp-json\/wp\/v2\/pages\/1474\/revisions"}],"predecessor-version":[{"id":1992,"href":"https:\/\/www.holidaysimmobiliare.com\/de\/wp-json\/wp\/v2\/pages\/1474\/revisions\/1992"}],"up":[{"embeddable":true,"href":"https:\/\/www.holidaysimmobiliare.com\/de\/wp-json\/wp\/v2\/pages\/1218"}],"wp:featuredmedia":[{"embeddable":true,"href":"https:\/\/www.holidaysimmobiliare.com\/de\/wp-json\/wp\/v2\/media\/1204"}],"wp:attachment":[{"href":"https:\/\/www.holidaysimmobiliare.com\/de\/wp-json\/wp\/v2\/media?parent=1474"}],"curies":[{"name":"wp","href":"https:\/\/api.w.org\/{rel}","templated":true}]}}