{"id":1468,"date":"2018-10-04T09:36:50","date_gmt":"2018-10-04T07:36:50","guid":{"rendered":"https:\/\/new.holidaysimmobiliare.com\/?page_id=1468"},"modified":"2018-11-27T17:18:27","modified_gmt":"2018-11-27T16:18:27","slug":"kauf-verkauf","status":"publish","type":"page","link":"https:\/\/www.holidaysimmobiliare.com\/de\/dienstleistungen\/kauf-verkauf\/","title":{"rendered":"Kauf &#038; Verkauf"},"content":{"rendered":"<p style=\"text-align: center;\">Die Immobilienagentur Holidays \u00fcber den Immobilienmakler Nicola Bonfante kann ihren Kunden eine Vielzahl von Dienstleistungen anbieten, unabh\u00e4ngig davon, ob sie eine Immobilie in den zahlreichen touristischen Wohngeb\u00e4uden als Investition kaufen oder f\u00fcr ihren eigenen Gebrauch.<\/p>\n<p style=\"text-align: center;\">Das Immobilienb\u00fcro bietet auch Beratungen zu rechtlichen Angelegenheiten an, vorberietung der erforderlichen Unterlagen zum Kauf und bieten Ihnen die Kenntnisse des Immobilienmarkt am Gardasees an. Wir helfen Ihnen, Ihre Immobilie zu bewerten und den richtigen Marktpreis zu finden, mit n\u00fctzlichen Tipps f\u00fcr m\u00f6gliche Renovierungen. Wir organisieren Besuche und Termine f\u00fcr Sie mit den Interessenten f\u00fcr Ihre Immobilie. Die Agentur macht die Suche oder den Verkauf Ihres Hauses weniger anstrengend und spart Ihnen Zeit, die Sie anderen Dingen widmen k\u00f6nnen.<\/p>\n","protected":false},"excerpt":{"rendered":"<p>Die Immobilienagentur Holidays \u00fcber den Immobilienmakler Nicola Bonfante kann ihren Kunden eine Vielzahl von Dienstleistungen anbieten, unabh\u00e4ngig davon, ob sie eine Immobilie in den zahlreichen touristischen Wohngeb\u00e4uden als Investition kaufen oder f\u00fcr ihren eigenen Gebrauch. Das Immobilienb\u00fcro bietet auch Beratungen zu rechtlichen Angelegenheiten an, vorberietung der erforderlichen Unterlagen zum Kauf und bieten Ihnen die Kenntnisse [&hellip;]<\/p>\n","protected":false},"author":5,"featured_media":1200,"parent":1218,"menu_order":0,"comment_status":"closed","ping_status":"closed","template":"","meta":{"inline_featured_image":false,"_genesis_hide_title":false,"_genesis_hide_breadcrumbs":false,"_genesis_hide_singular_image":false,"_genesis_hide_footer_widgets":false,"_genesis_custom_body_class":"","_genesis_custom_post_class":"","_genesis_layout":"","footnotes":""},"class_list":{"0":"post-1468","1":"page","2":"type-page","3":"status-publish","4":"has-post-thumbnail","6":"entry"},"_links":{"self":[{"href":"https:\/\/www.holidaysimmobiliare.com\/de\/wp-json\/wp\/v2\/pages\/1468","targetHints":{"allow":["GET"]}}],"collection":[{"href":"https:\/\/www.holidaysimmobiliare.com\/de\/wp-json\/wp\/v2\/pages"}],"about":[{"href":"https:\/\/www.holidaysimmobiliare.com\/de\/wp-json\/wp\/v2\/types\/page"}],"author":[{"embeddable":true,"href":"https:\/\/www.holidaysimmobiliare.com\/de\/wp-json\/wp\/v2\/users\/5"}],"replies":[{"embeddable":true,"href":"https:\/\/www.holidaysimmobiliare.com\/de\/wp-json\/wp\/v2\/comments?post=1468"}],"version-history":[{"count":3,"href":"https:\/\/www.holidaysimmobiliare.com\/de\/wp-json\/wp\/v2\/pages\/1468\/revisions"}],"predecessor-version":[{"id":1873,"href":"https:\/\/www.holidaysimmobiliare.com\/de\/wp-json\/wp\/v2\/pages\/1468\/revisions\/1873"}],"up":[{"embeddable":true,"href":"https:\/\/www.holidaysimmobiliare.com\/de\/wp-json\/wp\/v2\/pages\/1218"}],"wp:featuredmedia":[{"embeddable":true,"href":"https:\/\/www.holidaysimmobiliare.com\/de\/wp-json\/wp\/v2\/media\/1200"}],"wp:attachment":[{"href":"https:\/\/www.holidaysimmobiliare.com\/de\/wp-json\/wp\/v2\/media?parent=1468"}],"curies":[{"name":"wp","href":"https:\/\/api.w.org\/{rel}","templated":true}]}}