{"id":1458,"date":"2018-10-05T09:31:48","date_gmt":"2018-10-05T07:31:48","guid":{"rendered":"https:\/\/new.holidaysimmobiliare.com\/?page_id=1458"},"modified":"2018-11-27T17:18:39","modified_gmt":"2018-11-27T16:18:39","slug":"weg-verwaltung","status":"publish","type":"page","link":"https:\/\/www.holidaysimmobiliare.com\/de\/dienstleistungen\/weg-verwaltung\/","title":{"rendered":"WEG-Verwaltung"},"content":{"rendered":"<p style=\"text-align: center;\">Die Agentur Holidays besch\u00e4ftigt sich seit Jahren mit der Verwaltung von Eigentumswohnungen zwischen Peschiera del Garda und Lazise, mit absoluter Professionalit\u00e4t, Verantwortung und Transparenz. Die Agentur bietet au\u00dferdem maximale Verf\u00fcgbarkeit und verpflichtet sich, die Ressourcen von Eigentumswohnungen zu optimieren, Probleme verschiedener Natur zu l\u00f6sen und die Verwaltungskosten f\u00fcr Eigentumswohnungen zu begrenzen. Jedes Problem wird schnell und effizient gel\u00f6st und es werden L\u00f6sungen vorgeschlagen, die auf die individuellen Bed\u00fcrfnisse zugeschnitten sind, auch dank zahlreicher Kooperationen mit gro\u00dfen Unternehmen aus den Bereichen Bau, Elektrik und Sanit\u00e4r.<\/p>\n","protected":false},"excerpt":{"rendered":"<p>Die Agentur Holidays besch\u00e4ftigt sich seit Jahren mit der Verwaltung von Eigentumswohnungen zwischen Peschiera del Garda und Lazise, mit absoluter Professionalit\u00e4t, Verantwortung und Transparenz. Die Agentur bietet au\u00dferdem maximale Verf\u00fcgbarkeit und verpflichtet sich, die Ressourcen von Eigentumswohnungen zu optimieren, Probleme verschiedener Natur zu l\u00f6sen und die Verwaltungskosten f\u00fcr Eigentumswohnungen zu begrenzen. Jedes Problem wird schnell [&hellip;]<\/p>\n","protected":false},"author":5,"featured_media":1196,"parent":1218,"menu_order":0,"comment_status":"closed","ping_status":"closed","template":"","meta":{"inline_featured_image":false,"_genesis_hide_title":false,"_genesis_hide_breadcrumbs":false,"_genesis_hide_singular_image":false,"_genesis_hide_footer_widgets":false,"_genesis_custom_body_class":"","_genesis_custom_post_class":"","_genesis_layout":"","footnotes":""},"class_list":{"0":"post-1458","1":"page","2":"type-page","3":"status-publish","4":"has-post-thumbnail","6":"entry"},"_links":{"self":[{"href":"https:\/\/www.holidaysimmobiliare.com\/de\/wp-json\/wp\/v2\/pages\/1458","targetHints":{"allow":["GET"]}}],"collection":[{"href":"https:\/\/www.holidaysimmobiliare.com\/de\/wp-json\/wp\/v2\/pages"}],"about":[{"href":"https:\/\/www.holidaysimmobiliare.com\/de\/wp-json\/wp\/v2\/types\/page"}],"author":[{"embeddable":true,"href":"https:\/\/www.holidaysimmobiliare.com\/de\/wp-json\/wp\/v2\/users\/5"}],"replies":[{"embeddable":true,"href":"https:\/\/www.holidaysimmobiliare.com\/de\/wp-json\/wp\/v2\/comments?post=1458"}],"version-history":[{"count":4,"href":"https:\/\/www.holidaysimmobiliare.com\/de\/wp-json\/wp\/v2\/pages\/1458\/revisions"}],"predecessor-version":[{"id":1867,"href":"https:\/\/www.holidaysimmobiliare.com\/de\/wp-json\/wp\/v2\/pages\/1458\/revisions\/1867"}],"up":[{"embeddable":true,"href":"https:\/\/www.holidaysimmobiliare.com\/de\/wp-json\/wp\/v2\/pages\/1218"}],"wp:featuredmedia":[{"embeddable":true,"href":"https:\/\/www.holidaysimmobiliare.com\/de\/wp-json\/wp\/v2\/media\/1196"}],"wp:attachment":[{"href":"https:\/\/www.holidaysimmobiliare.com\/de\/wp-json\/wp\/v2\/media?parent=1458"}],"curies":[{"name":"wp","href":"https:\/\/api.w.org\/{rel}","templated":true}]}}