{"id":1456,"date":"2018-10-01T09:30:44","date_gmt":"2018-10-01T07:30:44","guid":{"rendered":"https:\/\/new.holidaysimmobiliare.com\/?page_id=1456"},"modified":"2018-11-27T17:17:23","modified_gmt":"2018-11-27T16:17:23","slug":"ferien-objekte","status":"publish","type":"page","link":"https:\/\/www.holidaysimmobiliare.com\/de\/dienstleistungen\/ferien-objekte\/","title":{"rendered":"Ferien Objekte"},"content":{"rendered":"<p style=\"text-align: center;\">Die Agentur Holidays arbeitet im Bereich der Ferienh\u00e4sere mit 30-j\u00e4hriger Erfahrung in der Gegend s\u00fcdlich des Gardasees. Wir besch\u00e4ftigen uns mit der Vermietung von Apartments als touristische Nutzung in Anlagen mit Schwimmbad, die mit allem Komfort ausgestattet sind, an m\u00e4rchehaften Orten wie Peschiera del Garda, Lazise, Col\u00e0, Castelnuovo del Garda, Ponti sul Mincio, usw.<\/p>\n","protected":false},"excerpt":{"rendered":"<p>Die Agentur Holidays arbeitet im Bereich der Ferienh\u00e4sere mit 30-j\u00e4hriger Erfahrung in der Gegend s\u00fcdlich des Gardasees. Wir besch\u00e4ftigen uns mit der Vermietung von Apartments als touristische Nutzung in Anlagen mit Schwimmbad, die mit allem Komfort ausgestattet sind, an m\u00e4rchehaften Orten wie Peschiera del Garda, Lazise, Col\u00e0, Castelnuovo del Garda, Ponti sul Mincio, usw.<\/p>\n","protected":false},"author":5,"featured_media":1192,"parent":1218,"menu_order":0,"comment_status":"closed","ping_status":"closed","template":"","meta":{"inline_featured_image":false,"_genesis_hide_title":false,"_genesis_hide_breadcrumbs":false,"_genesis_hide_singular_image":false,"_genesis_hide_footer_widgets":false,"_genesis_custom_body_class":"","_genesis_custom_post_class":"","_genesis_layout":"","footnotes":""},"class_list":{"0":"post-1456","1":"page","2":"type-page","3":"status-publish","4":"has-post-thumbnail","6":"entry"},"_links":{"self":[{"href":"https:\/\/www.holidaysimmobiliare.com\/de\/wp-json\/wp\/v2\/pages\/1456","targetHints":{"allow":["GET"]}}],"collection":[{"href":"https:\/\/www.holidaysimmobiliare.com\/de\/wp-json\/wp\/v2\/pages"}],"about":[{"href":"https:\/\/www.holidaysimmobiliare.com\/de\/wp-json\/wp\/v2\/types\/page"}],"author":[{"embeddable":true,"href":"https:\/\/www.holidaysimmobiliare.com\/de\/wp-json\/wp\/v2\/users\/5"}],"replies":[{"embeddable":true,"href":"https:\/\/www.holidaysimmobiliare.com\/de\/wp-json\/wp\/v2\/comments?post=1456"}],"version-history":[{"count":3,"href":"https:\/\/www.holidaysimmobiliare.com\/de\/wp-json\/wp\/v2\/pages\/1456\/revisions"}],"predecessor-version":[{"id":1826,"href":"https:\/\/www.holidaysimmobiliare.com\/de\/wp-json\/wp\/v2\/pages\/1456\/revisions\/1826"}],"up":[{"embeddable":true,"href":"https:\/\/www.holidaysimmobiliare.com\/de\/wp-json\/wp\/v2\/pages\/1218"}],"wp:featuredmedia":[{"embeddable":true,"href":"https:\/\/www.holidaysimmobiliare.com\/de\/wp-json\/wp\/v2\/media\/1192"}],"wp:attachment":[{"href":"https:\/\/www.holidaysimmobiliare.com\/de\/wp-json\/wp\/v2\/media?parent=1456"}],"curies":[{"name":"wp","href":"https:\/\/api.w.org\/{rel}","templated":true}]}}